{"id":753,"date":"2021-05-05T14:37:39","date_gmt":"2021-05-05T14:37:39","guid":{"rendered":"https:\/\/feliu-herencies.com\/avis-legal\/"},"modified":"2026-04-26T22:05:43","modified_gmt":"2026-04-26T22:05:43","slug":"aviso-legal","status":"publish","type":"page","link":"https:\/\/feliu-herencies.com\/es\/aviso-legal\/","title":{"rendered":"Aviso legal"},"content":{"rendered":"\t\t<div data-elementor-type=\"wp-page\" data-elementor-id=\"753\" class=\"elementor elementor-753\" data-elementor-post-type=\"page\">\n\t\t\t\t\t\t<section class=\"elementor-section elementor-top-section elementor-element elementor-element-4ea770 elementor-section-full_width elementor-section-height-default elementor-section-height-default\" data-id=\"4ea770\" data-element_type=\"section\" data-e-type=\"section\" data-settings=\"{&quot;background_background&quot;:&quot;classic&quot;}\">\n\t\t\t\t\t\t<div class=\"elementor-container elementor-column-gap-default\">\n\t\t\t\t\t<div class=\"elementor-column elementor-col-100 elementor-top-column elementor-element elementor-element-744f079\" data-id=\"744f079\" data-element_type=\"column\" data-e-type=\"column\">\n\t\t\t<div class=\"elementor-widget-wrap elementor-element-populated\">\n\t\t\t\t\t\t<section class=\"elementor-section elementor-inner-section elementor-element elementor-element-344244a9 elementor-section-boxed elementor-section-height-default elementor-section-height-default\" data-id=\"344244a9\" data-element_type=\"section\" data-e-type=\"section\">\n\t\t\t\t\t\t<div class=\"elementor-container elementor-column-gap-default\">\n\t\t\t\t\t<div class=\"elementor-column elementor-col-100 elementor-inner-column elementor-element elementor-element-847f1bc\" data-id=\"847f1bc\" data-element_type=\"column\" data-e-type=\"column\">\n\t\t\t<div class=\"elementor-widget-wrap elementor-element-populated\">\n\t\t\t\t\t\t<div class=\"elementor-element elementor-element-3aa0b648 elementor-invisible elementor-widget elementor-widget-text-editor\" data-id=\"3aa0b648\" data-element_type=\"widget\" data-e-type=\"widget\" data-settings=\"{&quot;_animation&quot;:&quot;fadeInLeft&quot;}\" data-widget_type=\"text-editor.default\">\n\t\t\t\t<div class=\"elementor-widget-container\">\n\t\t\t\t\t\t\t\t\t<p>Aviso legal<\/p>\t\t\t\t\t\t\t\t<\/div>\n\t\t\t\t<\/div>\n\t\t\t\t\t<\/div>\n\t\t<\/div>\n\t\t\t\t\t<\/div>\n\t\t<\/section>\n\t\t\t\t\t<\/div>\n\t\t<\/div>\n\t\t\t\t\t<\/div>\n\t\t<\/section>\n\t\t\t\t<section class=\"elementor-section elementor-top-section elementor-element elementor-element-2373d3ae elementor-section-boxed elementor-section-height-default elementor-section-height-default\" data-id=\"2373d3ae\" data-element_type=\"section\" data-e-type=\"section\">\n\t\t\t\t\t\t<div class=\"elementor-container elementor-column-gap-default\">\n\t\t\t\t\t<div class=\"elementor-column elementor-col-100 elementor-top-column elementor-element elementor-element-7074c3cf\" data-id=\"7074c3cf\" data-element_type=\"column\" data-e-type=\"column\">\n\t\t\t<div class=\"elementor-widget-wrap elementor-element-populated\">\n\t\t\t\t\t\t<div class=\"elementor-element elementor-element-2f2922f9 elementor-widget elementor-widget-spacer\" data-id=\"2f2922f9\" data-element_type=\"widget\" data-e-type=\"widget\" data-widget_type=\"spacer.default\">\n\t\t\t\t<div class=\"elementor-widget-container\">\n\t\t\t\t\t\t\t<div class=\"elementor-spacer\">\n\t\t\t<div class=\"elementor-spacer-inner\"><\/div>\n\t\t<\/div>\n\t\t\t\t\t\t<\/div>\n\t\t\t\t<\/div>\n\t\t\t\t\t<\/div>\n\t\t<\/div>\n\t\t\t\t\t<\/div>\n\t\t<\/section>\n\t\t\t\t<section class=\"elementor-section elementor-top-section elementor-element elementor-element-3219035b elementor-section-boxed elementor-section-height-default elementor-section-height-default\" data-id=\"3219035b\" data-element_type=\"section\" data-e-type=\"section\">\n\t\t\t\t\t\t<div class=\"elementor-container elementor-column-gap-default\">\n\t\t\t\t\t<div class=\"elementor-column elementor-col-100 elementor-top-column elementor-element elementor-element-64072ac3\" data-id=\"64072ac3\" data-element_type=\"column\" data-e-type=\"column\">\n\t\t\t<div class=\"elementor-widget-wrap elementor-element-populated\">\n\t\t\t\t\t\t<div class=\"elementor-element elementor-element-3eb9fbb elementor-widget elementor-widget-text-editor\" data-id=\"3eb9fbb\" data-element_type=\"widget\" data-e-type=\"widget\" data-widget_type=\"text-editor.default\">\n\t\t\t\t<div class=\"elementor-widget-container\">\n\t\t\t\t\t\t\t\t\t<p>Con el fin de dar cumplimiento al art\u00edculo 10 de la Ley 34\/2002 de Servicios de la Sociedad de la Informaci\u00f3n y del Comercio Electr\u00f3nico, informamos a los usuarios de nuestros datos:<\/p><ul><li><strong>Denominaci\u00f3n Social:<\/strong> JESUS FELIU CONSULTORS, S.L.<\/li><li><strong>Domicilio Social:<\/strong> C\/ Sant Joan Baptista de la Salle n\u00ba 4-6, 2n, 08241, Manresa, BARCELONA<\/li><li><strong>CIF: <\/strong>B65470957<\/li><li><strong>Tel\u00e9fono: <\/strong>938753520<\/li><li><strong>E-Mail: <\/strong>rgpd@feliuconsultors.com<\/li><li><strong>Sitio Web: <\/strong>www.feliu-herencies.com<\/li><li><strong>Datos Registrales: <\/strong>Inscrita en el RM en el Tomo 42352, Folio 1, Hoja B 404833 INSCRIPCI\u00d3N 1<\/li><\/ul><p><strong><br \/>OBJETO<br \/><\/strong><strong>JESUS FELIU CONSULTORS, S.L.<\/strong> (en adelante tambi\u00e9n el prestador) como responsable del sitio web, pone a disposici\u00f3n de los usuarios el presente documento, que regula el uso del sitio web <a href=\"http:\/\/www.feliuconsultors.com\">www.feliuconsultors.com<\/a>, con el que pretendemos dar cumplimiento a las obligaciones que dispone la Ley 34\/2002, de Servicios de la Sociedad de la Informaci\u00f3n y del Comercio Electr\u00f3nico (LSSICE\u00a0o\u00a0LSSI), as\u00ed como informar a todos los usuarios del sitio web respecto de cu\u00e1les son las condiciones de uso del sitio web.<\/p><p>A trav\u00e9s de la Web, <strong>JESUS FELIU CONSULTORS, S.L.<\/strong> facilita a los usuarios el acceso y utilizaci\u00f3n de diferentes servicios y contenidos puestos a disposici\u00f3n a trav\u00e9s del web.<\/p><p>Toda persona que acceda a esta web asume el papel de usuario (en adelante el usuario), e implica la aceptaci\u00f3n total y sin reservas de todas y cada una de las disposiciones incluidas en este aviso legal, as\u00ed como a cualesquiera otras disposiciones legales que fueran de aplicaci\u00f3n.<\/p><p>Como usuarios, tienen que leer atentamente este <strong>Aviso Legal<\/strong> en cualquier de las ocasiones que entren a la web, pues \u00e9sta puede sufrir modificaciones ya que el prestador se reserva el derecho a modificar cualquier tipo de informaci\u00f3n que pudiera aparecer en la web, sin que exista la obligaci\u00f3n de\u00a0pre-avisar\u00a0o poner en conocimiento de los usuarios estas obligaciones, siendo suficientes la publicaci\u00f3n en el sitio web del prestador.<\/p><p><strong>CONDICIONES DE ACCESO Y USO DE LA WEB.<\/strong><\/p><ul><li><strong>Car\u00e1cter <\/strong><strong>gratuito del acceso y uso de la web<\/strong><\/li><\/ul><p>La prestaci\u00f3n de los servicios por parte de <strong>JESUS FELIU CONSULTORS, S.L.<\/strong> tiene car\u00e1cter gratuito para todos los Usuarios. No obstante, algunos de los servicios suministrados por el prestador a trav\u00e9s de la Web est\u00e1n sujetos al pago de un precio determinado a las condiciones generales de contrataci\u00f3n.<\/p><ul><li><strong>Registro de Usuario<\/strong><\/li><\/ul><p>Con car\u00e1cter general la prestaci\u00f3n de los Servicios no exige la previa suscripci\u00f3n o registro de los Usuarios. Aun as\u00ed, <strong>JESUS FELIU CONSULTORS, S.L.<\/strong> condiciona el uso de algunos de los servicios a la previa\u00a0complementaci\u00f3n\u00a0del correspondiente registro de Usuario. Este registro se efectuar\u00e1 en la forma expresamente indicada en la propia secci\u00f3n del servicio.<\/p><ul><li><strong>Veracidad de la informaci\u00f3n<\/strong><\/li><\/ul><p>Toda la informaci\u00f3n que facilita el Usuario tiene que ser veraz. A estos efectos, el Usuario garantiza la autenticidad de los datos comunicados a trav\u00e9s de los formularios para la suscripci\u00f3n de los Servicios. Ser\u00e1 responsabilidad del Usuario mantener toda la informaci\u00f3n facilitada a <strong>JESUS FELIU CONSULTORS, S.L.<\/strong>\u00a0permanentemente actualizada de forma que responda, en cada momento, a su situaci\u00f3n real. En todo caso, el Usuario ser\u00e1 el \u00fanico responsable de las manifestaciones falsas o inexactas que realice y de los perjuicios que cause al prestador o a terceros.<\/p><ul><li><strong>Obligaci\u00f3n de hacer un uso correcto de la Web<\/strong><\/li><\/ul><p>El Usuario se compromete a utilizar la Web de conformidad a la Ley y al presente Aviso Legal, as\u00ed como a la moral y buenas costumbres. A tal efecto, el Usuario se abstendr\u00e1 de utilizar la p\u00e1gina con finalidades\u00a0il\u00edcitas\u00a0o prohibidas, lesivas de derechos e intereses de terceros, o que de cualquier forma puedan da\u00f1ar, inutilizar, sobrecargar, deteriorar o impedir la normal utilizaci\u00f3n de equipos inform\u00e1ticos o documentos, archivos y toda clase de contenidos almacenados en cualquier equipo inform\u00e1tico del prestador.<\/p><p>En particular, y a t\u00edtulo indicativo pero no exhaustivo, el Usuario se compromete a no transmitir, difundir o poner a disposici\u00f3n de terceros informaciones, datos, contenidos, mensajes, gr\u00e1ficos, dibujos, archivos de sonido o imagen, fotograf\u00edas, grabaciones,\u00a0software\u00a0y, en general, cualquier clase de material que:<\/p><ul><li>sea contraria, desprecie o atente contra los derechos fundamentales y las libertades p\u00fablicas reconocidas constitucionalmente, en tratados internacionales y otras normas vigentes;<\/li><li>induzca, incite o promueva actuaciones delictivas,\u00a0denigrantes, difamatorias, violentas o, en general, contrarias a la ley, a la moral y al orden p\u00fablico;\u00a0<\/li><li>induzca, incite o promueva actuaciones, actitudes o pensamientos discriminatorios por raz\u00f3n de sexo, raza, religi\u00f3n, creencias, edad o condici\u00f3n;<\/li><li>sea contrario al derecho al honor, a la intimidad personal o familiar o a la propia imagen de las personas;\u00a0<\/li><li>de cualquier manera perjudique la credibilidad del prestador o de terceros; y<\/li><li>constituya publicidad\u00a0il\u00edcita, enga\u00f1osa o desleal.<\/li><\/ul><p><strong>EXCLUSI\u00d3N DE GARANT\u00cdAS Y RESPONSABILIDAD<\/strong><\/p><p>El prestador se exime de cualquier tipo de responsabilidad derivada de la informaci\u00f3n publicada en nuestro sitio web, siempre que esta informaci\u00f3n haya sido manipulada o introducida por un tercero ajeno.<\/p><p>Esta web ha sido revisada y probada para que funcione correctamente. En principio, se puede garantizar el correcto funcionamiento los 365 d\u00edas del a\u00f1o, 24 horas al d\u00eda. Sin embargo, el prestador no descarta la posibilidad que existan determinados errores de programaci\u00f3n, o que sucedan causas de fuerza mayor, cat\u00e1strofes naturales, huelgas, o circunstancias parecidas que hagan imposible el acceso a la p\u00e1gina web.<\/p><p><strong>JESUS FELIU CONSULTORS, S.L.<\/strong> no otorga ninguna garant\u00eda ni se hace responsable, en ning\u00fan caso, de los da\u00f1os y perjuicios de cualquier naturaleza que puedan salir a colaci\u00f3n\u00a0de la falta de disponibilidad, mantenimiento y efectivo funcionamiento de la web o de sus servicios y contenidos; de la existencia de virus, programas maliciosos o lesivos en los contenidos; del uso\u00a0il\u00edcito, negligente, fraudulento o contrario a este Aviso Legal y condiciones de uso; o de La falta de licitud, calidad, fiabilidad, utilidad y disponibilidad de los servicios prestados por terceros y ademanes a disposici\u00f3n de los usuarios en el sitio web.<\/p><p>El prestador no se hace responsable bajo ning\u00fan concepto de los da\u00f1os que puedan\u00a0dimanar\u00a0del uso\u00a0ilegal\u00a0o indebido de la presente p\u00e1gina web.<\/p><p><strong>COOKIES<\/strong><\/p><p>El sitio web del prestador no utiliza cookies.<\/p><p><strong>ENLACES (LINKS)<\/strong><\/p><p>Desde el sitio web es posible que se redirija a contenidos de terceras webs. Dado que desde el web no podemos controlar siempre los contenidos introducidos por los terceros, <strong>JESUS FELIU CONSULTORS, S.L.<\/strong> no asume ning\u00fan tipo de responsabilidad respecto a estos contenidos. En todo caso, el prestador manifiesta que proceder\u00e1 a la retirada inmediata de cualquier contenido que pudiera contravenir la legislaci\u00f3n nacional o internacional, la moral o el orden p\u00fablico, procediendo a la retirada inmediata de la re-direcci\u00f3n a estas webs, poniendo en conocimiento de las autoridades competentes el contenido en cuesti\u00f3n.<\/p><p>El prestador no se responsabiliza de la informaci\u00f3n y contenidos almacenados, a t\u00edtulo enunciativo pero no limitante, en foros, chats, generadores de blogs, comentarios, redes sociales o cualquiera otro medio que permita a terceros publicar contenidos de forma independiente a la p\u00e1gina web del prestador. Sin embargo y en cumplimiento de lo que dispone el art. 11 y 16 de la\u00a0LSSICE, el prestador se pone a disposici\u00f3n de todos los usuarios, autoridades y fuerzas de seguridad, y colaborando de forma activa en la retirada o, cuando sea necesario, el bloqueo de todos aquellos contenidos que puedan afectar o contravenir la legislaci\u00f3n nacional, o internacional, derechos de terceros o la moral y el orden p\u00fablico. En caso de que el usuario considere que puede existir alg\u00fan contenido que pudiera ser susceptible de esta clasificaci\u00f3n, se ruega lo notifique de forma inmediata al administrador del sitio web.<\/p><p><strong>PROTECCI\u00d3N DE DATOS PERSONALES<\/strong><\/p><p>El prestador est\u00e1 profundamente comprometido con el cumplimiento de la normativa de protecci\u00f3n de datos personales y garantiza el cumplimiento \u00edntegro de las obligaciones dispuestas, as\u00ed como la implementaci\u00f3n de las medidas de seguridad dispuestas al Reglamento Europeo de Protecci\u00f3n de datos y la normativa espa\u00f1ola de protecci\u00f3n de datos. Para m\u00e1s informaci\u00f3n, ver nuestra Pol\u00edtica de Privacidad en <a href=\"http:\/\/www.feliuconsultors.com\">www.feliuconsultors.com<\/a><\/p><p><strong>PROPIEDAD INTELECTUAL E INDUSTRIAL<\/strong><\/p><p>El sitio web, incluyendo a t\u00edtulo enunciativo pero no limitativo la programaci\u00f3n, edici\u00f3n, compilaci\u00f3n y otros elementos necesarios para su funcionamiento, los dise\u00f1os, logotipos, textos, fotograf\u00edas y\/o gr\u00e1ficos son propiedad del prestador o, en caso de que fuera necesario, dispone de la licencia o autorizaci\u00f3n expresa por parte de los autores. Todos los contenidos del sitio web se encuentran debidamente protegidos por la normativa de propiedad\u00a0intelectual\u00a0e industrial.<\/p><p>Independientemente de la finalidad por la que fueran destinados, la reproducci\u00f3n total o parcial, uso, distribuci\u00f3n y comunicaci\u00f3n p\u00fablica requieren de la autorizaci\u00f3n escrita previa por parte del prestador. Cualquier uso no autorizado previamente por parte del prestador ser\u00e1 considerado un incumplimiento grave de los derechos de propiedad\u00a0intelectual\u00a0o industrial del autor.<\/p><p>Los dise\u00f1os, logotipos, textos y\/o gr\u00e1ficos ajenos al prestador y que puedan aparecer en el sitio web, pertenecen a sus respectivos propietarios, siendo ellos mismos los responsables de cualquier posible controversia que pudiera acontecer respecto a los mismos. En todo caso, el prestador cuenta con la autorizaci\u00f3n expresa y previa por parte de los mismos.<\/p><p>El prestador reconoce a favor de sus titulares los correspondientes derechos de propiedad industrial e\u00a0intelectual, no implicando la menci\u00f3n o aparici\u00f3n en el sitio web, de la existencia de derechos o ninguna responsabilidad del prestador sobre los mismos, como tampoco respaldo, patrocinio o recomendaci\u00f3n por parte del mismo.<\/p><p>Para realizar cualquier tipo de observaci\u00f3n respecto a posibles incumplimientos de los derechos de propiedad\u00a0intelectual\u00a0o industrial, as\u00ed\u00a0como\u00a0sobre cualquiera de los contenidos del sitio web, puede hacerlo a trav\u00e9s del correo electr\u00f3nico arriba rese\u00f1ado.<\/p><p><strong>LEY APLICABLE Y JURISDICCI\u00d3N<\/strong><\/p><p>Para la resoluci\u00f3n de las controversias o cuestiones relacionadas con la presente p\u00e1gina web o de las actividades en esta desarrolladas, ser\u00e1 de aplicaci\u00f3n la legislaci\u00f3n espa\u00f1ola, a la que se someten expresamente las partes, siendo competentes por la resoluci\u00f3n de todos los conflictos derivados o relacionados con su uso los Juzgados y Tribunales de BARCELONA.<\/p>\t\t\t\t\t\t\t\t<\/div>\n\t\t\t\t<\/div>\n\t\t\t\t\t<\/div>\n\t\t<\/div>\n\t\t\t\t\t<\/div>\n\t\t<\/section>\n\t\t\t\t<section class=\"elementor-section elementor-top-section elementor-element elementor-element-716640a elementor-section-boxed elementor-section-height-default elementor-section-height-default\" data-id=\"716640a\" data-element_type=\"section\" data-e-type=\"section\">\n\t\t\t\t\t\t<div class=\"elementor-container elementor-column-gap-default\">\n\t\t\t\t\t<div class=\"elementor-column elementor-col-100 elementor-top-column elementor-element elementor-element-7bba24f8\" data-id=\"7bba24f8\" data-element_type=\"column\" data-e-type=\"column\">\n\t\t\t<div class=\"elementor-widget-wrap elementor-element-populated\">\n\t\t\t\t\t\t<div class=\"elementor-element elementor-element-4a5a8577 elementor-widget elementor-widget-spacer\" data-id=\"4a5a8577\" data-element_type=\"widget\" data-e-type=\"widget\" data-widget_type=\"spacer.default\">\n\t\t\t\t<div class=\"elementor-widget-container\">\n\t\t\t\t\t\t\t<div class=\"elementor-spacer\">\n\t\t\t<div class=\"elementor-spacer-inner\"><\/div>\n\t\t<\/div>\n\t\t\t\t\t\t<\/div>\n\t\t\t\t<\/div>\n\t\t\t\t\t<\/div>\n\t\t<\/div>\n\t\t\t\t\t<\/div>\n\t\t<\/section>\n\t\t\t\t<\/div>\n\t\t","protected":false},"excerpt":{"rendered":"<p>Aviso legal Con el fin de dar cumplimiento al art\u00edculo 10 de la Ley 34\/2002 de Servicios de la Sociedad de la Informaci\u00f3n y del Comercio Electr\u00f3nico, informamos a los usuarios de nuestros datos: Denominaci\u00f3n Social: JESUS FELIU CONSULTORS, S.L. Domicilio Social: C\/ Sant Joan Baptista de la Salle n\u00ba 4-6, 2n, 08241, Manresa, BARCELONA [&hellip;]<\/p>\n","protected":false},"author":1,"featured_media":0,"parent":0,"menu_order":0,"comment_status":"closed","ping_status":"closed","template":"elementor_header_footer","meta":{"_joinchat":[],"footnotes":""},"class_list":["post-753","page","type-page","status-publish","hentry"],"yoast_head":"<!-- This site is optimized with the Yoast SEO plugin v27.5 - https:\/\/yoast.com\/product\/yoast-seo-wordpress\/ -->\n<title>\u25b7 Aviso legal | Feliu Her\u00e8ncies<\/title>\n<meta name=\"robots\" content=\"noindex, nofollow\" \/>\n<meta property=\"og:locale\" content=\"es_ES\" \/>\n<meta property=\"og:type\" content=\"article\" \/>\n<meta property=\"og:title\" content=\"\u25b7 Aviso legal | Feliu Her\u00e8ncies\" \/>\n<meta property=\"og:description\" content=\"Aviso legal Con el fin de dar cumplimiento al art\u00edculo 10 de la Ley 34\/2002 de Servicios de la Sociedad de la Informaci\u00f3n y del Comercio Electr\u00f3nico, informamos a los usuarios de nuestros datos: Denominaci\u00f3n Social: JESUS FELIU CONSULTORS, S.L. Domicilio Social: C\/ Sant Joan Baptista de la Salle n\u00ba 4-6, 2n, 08241, Manresa, BARCELONA [&hellip;]\" \/>\n<meta property=\"og:url\" content=\"https:\/\/feliu-herencies.com\/es\/aviso-legal\/\" \/>\n<meta property=\"og:site_name\" content=\"Feliu Herencies\" \/>\n<meta property=\"article:modified_time\" content=\"2026-04-26T22:05:43+00:00\" \/>\n<meta name=\"twitter:card\" content=\"summary_large_image\" \/>\n<meta name=\"twitter:label1\" content=\"Tiempo de lectura\" \/>\n\t<meta name=\"twitter:data1\" content=\"9 minutos\" \/>\n<script type=\"application\/ld+json\" class=\"yoast-schema-graph\">{\"@context\":\"https:\\\/\\\/schema.org\",\"@graph\":[{\"@type\":\"WebPage\",\"@id\":\"https:\\\/\\\/feliu-herencies.com\\\/es\\\/aviso-legal\\\/\",\"url\":\"https:\\\/\\\/feliu-herencies.com\\\/es\\\/aviso-legal\\\/\",\"name\":\"\u25b7 Aviso legal | Feliu Her\u00e8ncies\",\"isPartOf\":{\"@id\":\"https:\\\/\\\/feliu-herencies.com\\\/#website\"},\"datePublished\":\"2021-05-05T14:37:39+00:00\",\"dateModified\":\"2026-04-26T22:05:43+00:00\",\"breadcrumb\":{\"@id\":\"https:\\\/\\\/feliu-herencies.com\\\/es\\\/aviso-legal\\\/#breadcrumb\"},\"inLanguage\":\"es\",\"potentialAction\":[{\"@type\":\"ReadAction\",\"target\":[\"https:\\\/\\\/feliu-herencies.com\\\/es\\\/aviso-legal\\\/\"]}]},{\"@type\":\"BreadcrumbList\",\"@id\":\"https:\\\/\\\/feliu-herencies.com\\\/es\\\/aviso-legal\\\/#breadcrumb\",\"itemListElement\":[{\"@type\":\"ListItem\",\"position\":1,\"name\":\"Inici\",\"item\":\"https:\\\/\\\/feliu-herencies.com\\\/\"},{\"@type\":\"ListItem\",\"position\":2,\"name\":\"Aviso legal\"}]},{\"@type\":\"WebSite\",\"@id\":\"https:\\\/\\\/feliu-herencies.com\\\/#website\",\"url\":\"https:\\\/\\\/feliu-herencies.com\\\/\",\"name\":\"Feliu Herencies\",\"description\":\"Feliu: her\u00e8ncies i testaments\",\"publisher\":{\"@id\":\"https:\\\/\\\/feliu-herencies.com\\\/#organization\"},\"potentialAction\":[{\"@type\":\"SearchAction\",\"target\":{\"@type\":\"EntryPoint\",\"urlTemplate\":\"https:\\\/\\\/feliu-herencies.com\\\/?s={search_term_string}\"},\"query-input\":{\"@type\":\"PropertyValueSpecification\",\"valueRequired\":true,\"valueName\":\"search_term_string\"}}],\"inLanguage\":\"es\"},{\"@type\":\"Organization\",\"@id\":\"https:\\\/\\\/feliu-herencies.com\\\/#organization\",\"name\":\"Feliu Consultors\",\"url\":\"https:\\\/\\\/feliu-herencies.com\\\/\",\"logo\":{\"@type\":\"ImageObject\",\"inLanguage\":\"es\",\"@id\":\"https:\\\/\\\/feliu-herencies.com\\\/#\\\/schema\\\/logo\\\/image\\\/\",\"url\":\"https:\\\/\\\/feliu-herencies.com\\\/wp-content\\\/uploads\\\/2021\\\/05\\\/logo.jpg\",\"contentUrl\":\"https:\\\/\\\/feliu-herencies.com\\\/wp-content\\\/uploads\\\/2021\\\/05\\\/logo.jpg\",\"width\":184,\"height\":65,\"caption\":\"Feliu Consultors\"},\"image\":{\"@id\":\"https:\\\/\\\/feliu-herencies.com\\\/#\\\/schema\\\/logo\\\/image\\\/\"},\"sameAs\":[\"https:\\\/\\\/www.linkedin.com\\\/company\\\/feliu-consultors\\\/?viewAsMember=true\",\"https:\\\/\\\/www.instagram.com\\\/feliu_consultors_immo\\\/?hl=es\"]}]}<\/script>\n<!-- \/ Yoast SEO plugin. -->","yoast_head_json":{"title":"\u25b7 Aviso legal | Feliu Her\u00e8ncies","robots":{"index":"noindex","follow":"nofollow"},"og_locale":"es_ES","og_type":"article","og_title":"\u25b7 Aviso legal | Feliu Her\u00e8ncies","og_description":"Aviso legal Con el fin de dar cumplimiento al art\u00edculo 10 de la Ley 34\/2002 de Servicios de la Sociedad de la Informaci\u00f3n y del Comercio Electr\u00f3nico, informamos a los usuarios de nuestros datos: Denominaci\u00f3n Social: JESUS FELIU CONSULTORS, S.L. Domicilio Social: C\/ Sant Joan Baptista de la Salle n\u00ba 4-6, 2n, 08241, Manresa, BARCELONA [&hellip;]","og_url":"https:\/\/feliu-herencies.com\/es\/aviso-legal\/","og_site_name":"Feliu Herencies","article_modified_time":"2026-04-26T22:05:43+00:00","twitter_card":"summary_large_image","twitter_misc":{"Tiempo de lectura":"9 minutos"},"schema":{"@context":"https:\/\/schema.org","@graph":[{"@type":"WebPage","@id":"https:\/\/feliu-herencies.com\/es\/aviso-legal\/","url":"https:\/\/feliu-herencies.com\/es\/aviso-legal\/","name":"\u25b7 Aviso legal | Feliu Her\u00e8ncies","isPartOf":{"@id":"https:\/\/feliu-herencies.com\/#website"},"datePublished":"2021-05-05T14:37:39+00:00","dateModified":"2026-04-26T22:05:43+00:00","breadcrumb":{"@id":"https:\/\/feliu-herencies.com\/es\/aviso-legal\/#breadcrumb"},"inLanguage":"es","potentialAction":[{"@type":"ReadAction","target":["https:\/\/feliu-herencies.com\/es\/aviso-legal\/"]}]},{"@type":"BreadcrumbList","@id":"https:\/\/feliu-herencies.com\/es\/aviso-legal\/#breadcrumb","itemListElement":[{"@type":"ListItem","position":1,"name":"Inici","item":"https:\/\/feliu-herencies.com\/"},{"@type":"ListItem","position":2,"name":"Aviso legal"}]},{"@type":"WebSite","@id":"https:\/\/feliu-herencies.com\/#website","url":"https:\/\/feliu-herencies.com\/","name":"Feliu Herencies","description":"Feliu: her\u00e8ncies i testaments","publisher":{"@id":"https:\/\/feliu-herencies.com\/#organization"},"potentialAction":[{"@type":"SearchAction","target":{"@type":"EntryPoint","urlTemplate":"https:\/\/feliu-herencies.com\/?s={search_term_string}"},"query-input":{"@type":"PropertyValueSpecification","valueRequired":true,"valueName":"search_term_string"}}],"inLanguage":"es"},{"@type":"Organization","@id":"https:\/\/feliu-herencies.com\/#organization","name":"Feliu Consultors","url":"https:\/\/feliu-herencies.com\/","logo":{"@type":"ImageObject","inLanguage":"es","@id":"https:\/\/feliu-herencies.com\/#\/schema\/logo\/image\/","url":"https:\/\/feliu-herencies.com\/wp-content\/uploads\/2021\/05\/logo.jpg","contentUrl":"https:\/\/feliu-herencies.com\/wp-content\/uploads\/2021\/05\/logo.jpg","width":184,"height":65,"caption":"Feliu Consultors"},"image":{"@id":"https:\/\/feliu-herencies.com\/#\/schema\/logo\/image\/"},"sameAs":["https:\/\/www.linkedin.com\/company\/feliu-consultors\/?viewAsMember=true","https:\/\/www.instagram.com\/feliu_consultors_immo\/?hl=es"]}]}},"_links":{"self":[{"href":"https:\/\/feliu-herencies.com\/es\/wp-json\/wp\/v2\/pages\/753","targetHints":{"allow":["GET"]}}],"collection":[{"href":"https:\/\/feliu-herencies.com\/es\/wp-json\/wp\/v2\/pages"}],"about":[{"href":"https:\/\/feliu-herencies.com\/es\/wp-json\/wp\/v2\/types\/page"}],"author":[{"embeddable":true,"href":"https:\/\/feliu-herencies.com\/es\/wp-json\/wp\/v2\/users\/1"}],"replies":[{"embeddable":true,"href":"https:\/\/feliu-herencies.com\/es\/wp-json\/wp\/v2\/comments?post=753"}],"version-history":[{"count":15,"href":"https:\/\/feliu-herencies.com\/es\/wp-json\/wp\/v2\/pages\/753\/revisions"}],"predecessor-version":[{"id":2261,"href":"https:\/\/feliu-herencies.com\/es\/wp-json\/wp\/v2\/pages\/753\/revisions\/2261"}],"wp:attachment":[{"href":"https:\/\/feliu-herencies.com\/es\/wp-json\/wp\/v2\/media?parent=753"}],"curies":[{"name":"wp","href":"https:\/\/api.w.org\/{rel}","templated":true}]}}